{"id":11304,"date":"2024-09-30T21:48:55","date_gmt":"2024-09-30T18:48:55","guid":{"rendered":"https:\/\/esalighting.com\/?page_id=11304"},"modified":"2024-09-30T21:59:39","modified_gmt":"2024-09-30T18:59:39","slug":"lamptime","status":"publish","type":"page","link":"https:\/\/esalighting.com\/?page_id=11304","title":{"rendered":"LAMPTIME"},"content":{"rendered":"<div data-wp-interactive=\"core\/file\" class=\"wp-block-file\"><object data-wp-bind--hidden=\"!state.hasPdfPreview\" hidden class=\"wp-block-file__embed\" data=\"https:\/\/esalighting.com\/wp-content\/uploads\/2024\/09\/LAMPTIME-LED.pdf\" type=\"application\/pdf\" style=\"width:100%;height:600px\" aria-label=\"LAMPTIME LED g\u00f6m\u00fcs\u00fc.\"><\/object><a id=\"wp-block-file--media-f7d72da1-d31e-4ff8-b9c7-cbfc9847125d\" href=\"https:\/\/esalighting.com\/wp-content\/uploads\/2024\/09\/LAMPTIME-LED.pdf\">LAMPTIME LED<\/a><a href=\"https:\/\/esalighting.com\/wp-content\/uploads\/2024\/09\/LAMPTIME-LED.pdf\" class=\"wp-block-file__button wp-element-button\" download aria-describedby=\"wp-block-file--media-f7d72da1-d31e-4ff8-b9c7-cbfc9847125d\">\u0130ndir<\/a><\/div>","protected":false},"excerpt":{"rendered":"","protected":false},"author":1,"featured_media":0,"parent":0,"menu_order":0,"comment_status":"closed","ping_status":"closed","template":"","meta":{"_monsterinsights_skip_tracking":false,"_monsterinsights_sitenote_active":false,"_monsterinsights_sitenote_note":"","_monsterinsights_sitenote_category":0,"footnotes":""},"class_list":["post-11304","page","type-page","status-publish","hentry"],"aioseo_notices":[],"_links":{"self":[{"href":"https:\/\/esalighting.com\/index.php?rest_route=\/wp\/v2\/pages\/11304","targetHints":{"allow":["GET"]}}],"collection":[{"href":"https:\/\/esalighting.com\/index.php?rest_route=\/wp\/v2\/pages"}],"about":[{"href":"https:\/\/esalighting.com\/index.php?rest_route=\/wp\/v2\/types\/page"}],"author":[{"embeddable":true,"href":"https:\/\/esalighting.com\/index.php?rest_route=\/wp\/v2\/users\/1"}],"replies":[{"embeddable":true,"href":"https:\/\/esalighting.com\/index.php?rest_route=%2Fwp%2Fv2%2Fcomments&post=11304"}],"version-history":[{"count":3,"href":"https:\/\/esalighting.com\/index.php?rest_route=\/wp\/v2\/pages\/11304\/revisions"}],"predecessor-version":[{"id":11314,"href":"https:\/\/esalighting.com\/index.php?rest_route=\/wp\/v2\/pages\/11304\/revisions\/11314"}],"wp:attachment":[{"href":"https:\/\/esalighting.com\/index.php?rest_route=%2Fwp%2Fv2%2Fmedia&parent=11304"}],"curies":[{"name":"wp","href":"https:\/\/api.w.org\/{rel}","templated":true}]}}