{"id":11292,"date":"2024-09-30T21:34:04","date_gmt":"2024-09-30T18:34:04","guid":{"rendered":"https:\/\/esalighting.com\/?page_id=11292"},"modified":"2024-09-30T21:58:52","modified_gmt":"2024-09-30T18:58:52","slug":"cata","status":"publish","type":"page","link":"https:\/\/esalighting.com\/?page_id=11292","title":{"rendered":"CATA"},"content":{"rendered":"<div data-wp-interactive=\"core\/file\" class=\"wp-block-file\"><object data-wp-bind--hidden=\"!state.hasPdfPreview\" hidden class=\"wp-block-file__embed\" data=\"https:\/\/esalighting.com\/wp-content\/uploads\/2024\/09\/CATA-2024-Fiyat-Listesi.pdf\" type=\"application\/pdf\" style=\"width:100%;height:600px\" aria-label=\"CATA-2024-Fiyat-Listesi g\u00f6m\u00fcs\u00fc.\"><\/object><a id=\"wp-block-file--media-34db937e-58c8-4dda-8c10-8c4c42d8fa5f\" href=\"https:\/\/esalighting.com\/wp-content\/uploads\/2024\/09\/CATA-2024-Fiyat-Listesi.pdf\">CATA-2024-Fiyat-Listesi<\/a><a href=\"https:\/\/esalighting.com\/wp-content\/uploads\/2024\/09\/CATA-2024-Fiyat-Listesi.pdf\" class=\"wp-block-file__button wp-element-button\" download aria-describedby=\"wp-block-file--media-34db937e-58c8-4dda-8c10-8c4c42d8fa5f\">\u0130ndir<\/a><\/div>","protected":false},"excerpt":{"rendered":"","protected":false},"author":1,"featured_media":0,"parent":0,"menu_order":0,"comment_status":"closed","ping_status":"closed","template":"","meta":{"_monsterinsights_skip_tracking":false,"_monsterinsights_sitenote_active":false,"_monsterinsights_sitenote_note":"","_monsterinsights_sitenote_category":0,"footnotes":""},"class_list":["post-11292","page","type-page","status-publish","hentry"],"aioseo_notices":[],"_links":{"self":[{"href":"https:\/\/esalighting.com\/index.php?rest_route=\/wp\/v2\/pages\/11292","targetHints":{"allow":["GET"]}}],"collection":[{"href":"https:\/\/esalighting.com\/index.php?rest_route=\/wp\/v2\/pages"}],"about":[{"href":"https:\/\/esalighting.com\/index.php?rest_route=\/wp\/v2\/types\/page"}],"author":[{"embeddable":true,"href":"https:\/\/esalighting.com\/index.php?rest_route=\/wp\/v2\/users\/1"}],"replies":[{"embeddable":true,"href":"https:\/\/esalighting.com\/index.php?rest_route=%2Fwp%2Fv2%2Fcomments&post=11292"}],"version-history":[{"count":4,"href":"https:\/\/esalighting.com\/index.php?rest_route=\/wp\/v2\/pages\/11292\/revisions"}],"predecessor-version":[{"id":11300,"href":"https:\/\/esalighting.com\/index.php?rest_route=\/wp\/v2\/pages\/11292\/revisions\/11300"}],"wp:attachment":[{"href":"https:\/\/esalighting.com\/index.php?rest_route=%2Fwp%2Fv2%2Fmedia&parent=11292"}],"curies":[{"name":"wp","href":"https:\/\/api.w.org\/{rel}","templated":true}]}}