{"id":11289,"date":"2024-09-30T21:32:48","date_gmt":"2024-09-30T18:32:48","guid":{"rendered":"https:\/\/esalighting.com\/?page_id=11289"},"modified":"2024-09-30T21:58:46","modified_gmt":"2024-09-30T18:58:46","slug":"ack","status":"publish","type":"page","link":"https:\/\/esalighting.com\/?page_id=11289","title":{"rendered":"ACK"},"content":{"rendered":"<div class=\"wp-block-columns is-layout-flex wp-container-core-columns-is-layout-9d6595d7 wp-block-columns-is-layout-flex\"><div class=\"wp-block-column is-layout-flow wp-block-column-is-layout-flow\" style=\"flex-basis:100%\"><div data-wp-interactive=\"core\/file\" class=\"wp-block-file\"><object data-wp-bind--hidden=\"!state.hasPdfPreview\" hidden class=\"wp-block-file__embed\" data=\"https:\/\/esalighting.com\/wp-content\/uploads\/2024\/09\/ACK-2024-01-Fiyat-Listesi.pdf\" type=\"application\/pdf\" style=\"width:100%;height:600px\" aria-label=\"ACK 2024-01 Fiyat Listesi g\u00f6m\u00fcs\u00fc.\"><\/object><a id=\"wp-block-file--media-6076dc0c-6a2a-4429-9ce3-5e5d458c7df2\" href=\"https:\/\/esalighting.com\/wp-content\/uploads\/2024\/09\/ACK-2024-01-Fiyat-Listesi.pdf\">ACK 2024-01 Fiyat Listesi<\/a><a href=\"https:\/\/esalighting.com\/wp-content\/uploads\/2024\/09\/ACK-2024-01-Fiyat-Listesi.pdf\" class=\"wp-block-file__button wp-element-button\" download aria-describedby=\"wp-block-file--media-6076dc0c-6a2a-4429-9ce3-5e5d458c7df2\">\u0130ndir<\/a><\/div><\/div><\/div>","protected":false},"excerpt":{"rendered":"","protected":false},"author":1,"featured_media":0,"parent":0,"menu_order":0,"comment_status":"closed","ping_status":"closed","template":"","meta":{"_monsterinsights_skip_tracking":false,"_monsterinsights_sitenote_active":false,"_monsterinsights_sitenote_note":"","_monsterinsights_sitenote_category":0,"footnotes":""},"class_list":["post-11289","page","type-page","status-publish","hentry"],"aioseo_notices":[],"_links":{"self":[{"href":"https:\/\/esalighting.com\/index.php?rest_route=\/wp\/v2\/pages\/11289","targetHints":{"allow":["GET"]}}],"collection":[{"href":"https:\/\/esalighting.com\/index.php?rest_route=\/wp\/v2\/pages"}],"about":[{"href":"https:\/\/esalighting.com\/index.php?rest_route=\/wp\/v2\/types\/page"}],"author":[{"embeddable":true,"href":"https:\/\/esalighting.com\/index.php?rest_route=\/wp\/v2\/users\/1"}],"replies":[{"embeddable":true,"href":"https:\/\/esalighting.com\/index.php?rest_route=%2Fwp%2Fv2%2Fcomments&post=11289"}],"version-history":[{"count":4,"href":"https:\/\/esalighting.com\/index.php?rest_route=\/wp\/v2\/pages\/11289\/revisions"}],"predecessor-version":[{"id":11311,"href":"https:\/\/esalighting.com\/index.php?rest_route=\/wp\/v2\/pages\/11289\/revisions\/11311"}],"wp:attachment":[{"href":"https:\/\/esalighting.com\/index.php?rest_route=%2Fwp%2Fv2%2Fmedia&parent=11289"}],"curies":[{"name":"wp","href":"https:\/\/api.w.org\/{rel}","templated":true}]}}