{"id":11279,"date":"2024-09-30T21:29:24","date_gmt":"2024-09-30T18:29:24","guid":{"rendered":"https:\/\/esalighting.com\/?page_id=11279"},"modified":"2026-02-21T15:00:48","modified_gmt":"2026-02-21T12:00:48","slug":"goya","status":"publish","type":"page","link":"https:\/\/esalighting.com\/?page_id=11279","title":{"rendered":"GOYA"},"content":{"rendered":"<div data-wp-interactive=\"core\/file\" class=\"wp-block-file\"><object data-wp-bind--hidden=\"!state.hasPdfPreview\" hidden class=\"wp-block-file__embed\" data=\"https:\/\/esalighting.com\/wp-content\/uploads\/2024\/09\/GOYA-2024-KATALOG.pdf\" type=\"application\/pdf\" style=\"width:100%;height:600px\" aria-label=\"GOYA 2024 KATALOG g\u00f6m\u00fcs\u00fc.\"><\/object><a id=\"wp-block-file--media-568c4101-bc02-4b70-91ba-3facc9ae3e07\" href=\"https:\/\/esalighting.com\/wp-content\/uploads\/2024\/09\/GOYA-2024-KATALOG.pdf\">GOYA 2024 KATALOG<\/a><a href=\"https:\/\/esalighting.com\/wp-content\/uploads\/2024\/09\/GOYA-2024-KATALOG.pdf\" class=\"wp-block-file__button wp-element-button\" download aria-describedby=\"wp-block-file--media-568c4101-bc02-4b70-91ba-3facc9ae3e07\">\u0130ndir<\/a><\/div><p><\/p>","protected":false},"excerpt":{"rendered":"","protected":false},"author":4,"featured_media":0,"parent":0,"menu_order":0,"comment_status":"closed","ping_status":"closed","template":"","meta":{"_monsterinsights_skip_tracking":false,"_monsterinsights_sitenote_active":false,"_monsterinsights_sitenote_note":"","_monsterinsights_sitenote_category":0,"footnotes":""},"class_list":["post-11279","page","type-page","status-publish","hentry"],"aioseo_notices":[],"_links":{"self":[{"href":"https:\/\/esalighting.com\/index.php?rest_route=\/wp\/v2\/pages\/11279","targetHints":{"allow":["GET"]}}],"collection":[{"href":"https:\/\/esalighting.com\/index.php?rest_route=\/wp\/v2\/pages"}],"about":[{"href":"https:\/\/esalighting.com\/index.php?rest_route=\/wp\/v2\/types\/page"}],"author":[{"embeddable":true,"href":"https:\/\/esalighting.com\/index.php?rest_route=\/wp\/v2\/users\/4"}],"replies":[{"embeddable":true,"href":"https:\/\/esalighting.com\/index.php?rest_route=%2Fwp%2Fv2%2Fcomments&post=11279"}],"version-history":[{"count":4,"href":"https:\/\/esalighting.com\/index.php?rest_route=\/wp\/v2\/pages\/11279\/revisions"}],"predecessor-version":[{"id":11334,"href":"https:\/\/esalighting.com\/index.php?rest_route=\/wp\/v2\/pages\/11279\/revisions\/11334"}],"wp:attachment":[{"href":"https:\/\/esalighting.com\/index.php?rest_route=%2Fwp%2Fv2%2Fmedia&parent=11279"}],"curies":[{"name":"wp","href":"https:\/\/api.w.org\/{rel}","templated":true}]}}